{"id":1024,"date":"2021-09-17T16:37:57","date_gmt":"2021-09-17T14:37:57","guid":{"rendered":"https:\/\/dhlunch.ijp.pan.pl\/?page_id=1024"},"modified":"2023-12-13T13:36:32","modified_gmt":"2023-12-13T12:36:32","slug":"spotkania-na-przelomie-roku-2020-i-2021","status":"publish","type":"page","link":"https:\/\/dhlunch.ijppan.pl\/en\/spotkania-na-przelomie-roku-2020-i-2021\/","title":{"rendered":"Meetings in the academic year 2020\/21:"},"content":{"rendered":"<p><\/p>\n<h2>Meetings in the academic year 2020\/21::<\/h2>\n<p><strong><span style=\"color: #0000ff;\">04.09.2020<\/span><\/strong> <a href=\"https:\/\/dhlunch.ijppan.pl\/en\/04-09-2020\/\">Mike Kestemont (University of Antwerp<\/a>: Advances in Digital Music Iconography<\/p>\n<p><strong><span style=\"color: #0000ff;\">2.10.2020<\/span><\/strong> <a href=\"https:\/\/dhlunch.ijppan.pl\/en\/02-10-2020\/\">Benjamin Nagy (University of\u00a0Adelaide)<\/a>: WOOOOSH! Analysing Latin Poetry with Computers<\/p>\n<p><strong><span style=\"color: #0000ff;\">23.10.2020 <\/span><\/strong><span style=\"color: #0000ff;\"><a href=\"https:\/\/dhlunch.ijppan.pl\/en\/23-10-2020\/\">Anna Olszewska (Akademia G\u00f3rniczo-Hutnicza): <\/a><\/span>Rembrandt&#8217;s entropy debates: abbreviated history of algorithmic image analysis.<\/p>\n<p><strong><span style=\"color: #0000ff;\">13.11.2020 <\/span><\/strong><a href=\"https:\/\/dhlunch.ijppan.pl\/en\/13-11-2020\/\">Katarzyna Kapitan (Vigd\u00eds Finnbogad\u00f3ttir Institute of Foreign Languages, University of Iceland, National Museum of Iceland and Museum of National History, Frederiksborg Castle, Denmark)<\/a>: Computer-assisted methods of revealing relationships among manuscript-transmitted texts<\/p>\n<p><span style=\"color: #0000ff;\"><strong>4.12.2020<\/strong> <\/span><a href=\"https:\/\/dhlunch.ijppan.pl\/en\/04-12-2020\/\">Miguel Escobar Varela (National University of Singapore)<\/a>:\u00a0A stylometry of motion? Towards the quantitative comparison of movement in theatre and dance<\/p>\n<p><span style=\"color: #0000ff;\"><strong>15.01.2021<\/strong><\/span>\u00a0<a href=\"https:\/\/dhlunch.ijppan.pl\/en\/15-01-2021\/\">Tunde Ope-Davies (Centre for Digital Humanities, University of Lagos):<\/a> Retooling the Humanities in the Age of Technology: Prospects, Challenges and Possibilities in African Digital Humanities<\/p>\n<p><strong><span style=\"color: #0000ff;\">26.02.2021<\/span><\/strong> <a href=\"https:\/\/dhlunch.ijppan.pl\/en\/26-02-2021\/\">Sinai Rusinek (University of Haifa)<\/a>: The Emic, the Etic and the Analytic: Classifying the 19th-century newspaper<\/p>\n<p><strong><span style=\"color: #0000ff;\">19.03.2021<\/span><\/strong> <a href=\"https:\/\/dhlunch.ijppan.pl\/19-03-2021\/\">Botond Szemes (E\u00f6tv\u00f6s Lor\u00e1nd University)<\/a>: On the Style of the Novel. Algorithmic Identification of the Types of the Compound and Complex Sentences.<\/p>\n<p><strong><span style=\"color: #0000ff;\">9.04.2021<\/span><\/strong><a href=\"https:\/\/dhlunch.ijppan.pl\/en\/09-04-2021\/\">\u00a0Jan Idziak, Artjoms \u0160e\u013ca, Micha\u0142 Wo\u017aniak, Albert Le\u015bniak, Joanna Byszuk, Maciej Eder (Instytut J\u0119zyka Polskiego PAN)<\/a>: The automatic system of handwritten text recognition (HTR) for Polish lexicographic sources (talk in Polish)<\/p>\n<p><strong><span style=\"color: #0000ff;\">21.05.2021<\/span><\/strong> <a href=\"https:\/\/dhlunch.ijppan.pl\/en\/21-05-2021\/\">Artjoms \u0160e\u013ca and <\/a><a href=\"https:\/\/dhlunch.ijppan.pl\/en\/21-05-2021\/\">Maciej Eder <\/a><a href=\"https:\/\/dhlunch.ijppan.pl\/en\/21-05-2021\/\">(Instytut J\u0119zyka Polskiego PAN)<\/a>: Jedno s\u0142owo, by wszystkimi rz\u0105dzi\u0107: dzia\u0142anie zanurze\u0144 s\u0142\u00f3w (word embeddings) w atrybucji autorskiej<\/p>\n<p><strong><span style=\"color: #0000ff;\">9.07.2021<\/span><\/strong> <a href=\"https:\/\/dhlunch.ijppan.pl\/09-07-2021\/\">Berenike Herrmann and Giulia Grisot (University of Bielefeld<\/a>: Cities vs. Nature? Mining Emotions in Historical Swiss-German Fictional Space<\/p>\n<p><b><i>Thank you!<\/i><\/b><\/p>\n<p>Department of Methodology IJP PAN<\/p>\n<p>Rafa\u0142 G\u00f3rski, Maciej Eder, Joanna Byszuk, Micha\u0142 Wo\u017aniak, Albert Le\u015bniak, Wojciech \u0141ukasik, Artjoms \u0160ela<\/p>\n<p>in cooperation with Towarzystwo Mi\u0142o\u015bnik\u00f3w J\u0119zyka Polskiego<\/p>\n<p>The general visual identification of DH Lunch series was created by Maciej Eder, the promotional graphics for 2020\/2021 (Twitter, Facebook, YouTube cover arts) were created by Antonina Martynenko. Thank you!<\/p>","protected":false},"excerpt":{"rendered":"<p>Meetings in the academic year 2020\/21:: 04.09.2020 Mike Kestemont (University of Antwerp: Advances in Digital Music Iconography 2.10.2020 Benjamin Nagy (University of\u00a0Adelaide): WOOOOSH! Analysing Latin Poetry with Computers 23.10.2020 Anna &hellip; <a href=\"https:\/\/dhlunch.ijppan.pl\/en\/spotkania-na-przelomie-roku-2020-i-2021\/\" class=\"more-link\">Continue reading <span class=\"screen-reader-text\">Meetings in the academic year 2020\/21:<\/span><\/a><\/p>\n","protected":false},"author":3,"featured_media":0,"parent":0,"menu_order":0,"comment_status":"closed","ping_status":"closed","template":"","meta":{"footnotes":""},"class_list":["post-1024","page","type-page","status-publish","hentry"],"_links":{"self":[{"href":"https:\/\/dhlunch.ijppan.pl\/en\/wp-json\/wp\/v2\/pages\/1024","targetHints":{"allow":["GET"]}}],"collection":[{"href":"https:\/\/dhlunch.ijppan.pl\/en\/wp-json\/wp\/v2\/pages"}],"about":[{"href":"https:\/\/dhlunch.ijppan.pl\/en\/wp-json\/wp\/v2\/types\/page"}],"author":[{"embeddable":true,"href":"https:\/\/dhlunch.ijppan.pl\/en\/wp-json\/wp\/v2\/users\/3"}],"replies":[{"embeddable":true,"href":"https:\/\/dhlunch.ijppan.pl\/en\/wp-json\/wp\/v2\/comments?post=1024"}],"version-history":[{"count":2,"href":"https:\/\/dhlunch.ijppan.pl\/en\/wp-json\/wp\/v2\/pages\/1024\/revisions"}],"predecessor-version":[{"id":1149,"href":"https:\/\/dhlunch.ijppan.pl\/en\/wp-json\/wp\/v2\/pages\/1024\/revisions\/1149"}],"wp:attachment":[{"href":"https:\/\/dhlunch.ijppan.pl\/en\/wp-json\/wp\/v2\/media?parent=1024"}],"curies":[{"name":"wp","href":"https:\/\/api.w.org\/{rel}","templated":true}]}}