{"id":1140,"date":"2023-12-13T12:49:03","date_gmt":"2023-12-13T11:49:03","guid":{"rendered":"https:\/\/dhlunch.ijp.pan.pl\/?page_id=1140"},"modified":"2024-12-30T15:51:20","modified_gmt":"2024-12-30T14:51:20","slug":"spotkania-na-przelomie-roku-2022-2023","status":"publish","type":"page","link":"https:\/\/dhlunch.ijppan.pl\/en\/spotkania-na-przelomie-roku-2022-2023\/","title":{"rendered":"Meetings in the academic year 2022\/2023"},"content":{"rendered":"<p><strong><span style=\"color: #0000ff;\">30.06.2023 <\/span><\/strong><a href=\"https:\/\/dhlunch.ijppan.pl\/en\/30-06-2023\/\">Daniek P\u0142atek, ISP PAN: Pillarization of protest in Poland? Analysis of coalition protests in 2020 based on mentions in the daily press<\/a><\/p>\n<p><strong><span style=\"color: #0000ff;\">25.11.2022 <\/span><\/strong><a href=\"https:\/\/dhlunch.ijppan.pl\/en\/25-11-2022\/\">Jose Losada Palenzuela (Wroc\u0142aw University): Quantitative Text Reuse Detection in 17th C. Spanish Drama<\/a><\/p>\n<p><strong><span style=\"color: #0000ff;\">2.12.2022 <\/span><\/strong><a href=\"https:\/\/dhlunch.ijppan.pl\/en\/2-12-2022\/\">Anna Zieli\u0144ska (IS PAN), Anna Jorroch (UW), Felicja Ksi\u0119\u017cyk (UO), Irena Prawdzic (IS PAN), Micha\u0142 Wo\u017aniak (IJP PAN): The LangGener Polish-German corpus of speech by bilinguals \u2013 selected phenomena of language contact and sociolinguistic aspects<\/a><\/p>","protected":false},"excerpt":{"rendered":"<p>30.06.2023 Daniek P\u0142atek, ISP PAN: Pillarization of protest in Poland? Analysis of coalition protests in 2020 based on mentions in the daily press 25.11.2022 Jose Losada Palenzuela (Wroc\u0142aw University): Quantitative &hellip; <a href=\"https:\/\/dhlunch.ijppan.pl\/en\/spotkania-na-przelomie-roku-2022-2023\/\" class=\"more-link\">Continue reading <span class=\"screen-reader-text\">Meetings in the academic year 2022\/2023<\/span><\/a><\/p>\n","protected":false},"author":3,"featured_media":0,"parent":0,"menu_order":0,"comment_status":"closed","ping_status":"closed","template":"","meta":{"footnotes":""},"class_list":["post-1140","page","type-page","status-publish","hentry"],"_links":{"self":[{"href":"https:\/\/dhlunch.ijppan.pl\/en\/wp-json\/wp\/v2\/pages\/1140","targetHints":{"allow":["GET"]}}],"collection":[{"href":"https:\/\/dhlunch.ijppan.pl\/en\/wp-json\/wp\/v2\/pages"}],"about":[{"href":"https:\/\/dhlunch.ijppan.pl\/en\/wp-json\/wp\/v2\/types\/page"}],"author":[{"embeddable":true,"href":"https:\/\/dhlunch.ijppan.pl\/en\/wp-json\/wp\/v2\/users\/3"}],"replies":[{"embeddable":true,"href":"https:\/\/dhlunch.ijppan.pl\/en\/wp-json\/wp\/v2\/comments?post=1140"}],"version-history":[{"count":3,"href":"https:\/\/dhlunch.ijppan.pl\/en\/wp-json\/wp\/v2\/pages\/1140\/revisions"}],"predecessor-version":[{"id":1196,"href":"https:\/\/dhlunch.ijppan.pl\/en\/wp-json\/wp\/v2\/pages\/1140\/revisions\/1196"}],"wp:attachment":[{"href":"https:\/\/dhlunch.ijppan.pl\/en\/wp-json\/wp\/v2\/media?parent=1140"}],"curies":[{"name":"wp","href":"https:\/\/api.w.org\/{rel}","templated":true}]}}