{"id":1193,"date":"2024-12-30T15:48:41","date_gmt":"2024-12-30T14:48:41","guid":{"rendered":"https:\/\/dhlunch.ijp.pan.pl\/?page_id=1193"},"modified":"2024-12-30T15:48:41","modified_gmt":"2024-12-30T14:48:41","slug":"spotkania-na-przelomie-roku-2023-2024","status":"publish","type":"page","link":"https:\/\/dhlunch.ijppan.pl\/en\/spotkania-na-przelomie-roku-2023-2024\/","title":{"rendered":"Meetings in the academic year 2023\/2024"},"content":{"rendered":"<p><strong><span style=\"color: #0000ff;\">06.10.2023 <\/span><\/strong><a href=\"https:\/\/dhlunch.ijppan.pl\/en\/06-10-2023\/\">Maciej Janicki, University of Helsinki: Text similarity computation in large collections of Finnic oral folk poetry<\/a><\/p>\n<p><strong><span style=\"color: #0000ff;\">09.02.2024 <\/span><\/strong><a href=\"https:\/\/dhlunch.ijppan.pl\/en\/9-02-2024\/\">Jaroslav David (University of Ostrava), Martin Bart\u016fn\u011bk (Jan Evangelista Purkyn\u011b University) &#8211; Place names in the perspective of corpus analysis \u2013 onomastics, geography, cartography<\/a><\/p>\n<p><strong><span style=\"color: #0000ff;\">5.07.2024 <\/span><\/strong><a href =\"https:\/\/dhlunch.ijppan.pl\/5-07-2024\/\">Krzysztof Nowak, Rafa\u0142 G\u00f3rski, Micha\u0142 Wo\u017aniak, Dorota Mika, Wojciech Guz and Wojciech \u0141ukasik (Instytut J\u0119zyka Polskiego PAN) &#8211; Prezentacja Korpusu Mowy powsta\u0142ego w projekcie Dariah.lab \u2013 cyfrowa infrastruktura badawcza dla humanistyki i nauk o sztuce<\/a><\/p>\n<p><strong><span style=\"color: #0000ff;\">28.06.2024 <\/span><\/strong><a href= \"https:\/\/dhlunch.ijppan.pl\/28-06-2024\/\">Maciej Rapacz (AGH) &#8211; Cyfrowy Orygenes? Badania nad generowaniem interlinearnych maszynowych przek\u0142ad\u00f3w Nowego Testamentu ze staro\u017cytnej greki na polski oraz angielski przy u\u017cyciu transformer\u00f3w.<\/a><\/p>\n<p><\/p>","protected":false},"excerpt":{"rendered":"<p>06.10.2023 Maciej Janicki, University of Helsinki: Text similarity computation in large collections of Finnic oral folk poetry 09.02.2024 Jaroslav David (University of Ostrava), Martin Bart\u016fn\u011bk (Jan Evangelista Purkyn\u011b University) &#8211; &hellip; <a href=\"https:\/\/dhlunch.ijppan.pl\/en\/spotkania-na-przelomie-roku-2023-2024\/\" class=\"more-link\">Continue reading <span class=\"screen-reader-text\">Meetings in the academic year 2023\/2024<\/span><\/a><\/p>\n","protected":false},"author":3,"featured_media":0,"parent":0,"menu_order":0,"comment_status":"closed","ping_status":"closed","template":"","meta":{"footnotes":""},"class_list":["post-1193","page","type-page","status-publish","hentry"],"_links":{"self":[{"href":"https:\/\/dhlunch.ijppan.pl\/en\/wp-json\/wp\/v2\/pages\/1193","targetHints":{"allow":["GET"]}}],"collection":[{"href":"https:\/\/dhlunch.ijppan.pl\/en\/wp-json\/wp\/v2\/pages"}],"about":[{"href":"https:\/\/dhlunch.ijppan.pl\/en\/wp-json\/wp\/v2\/types\/page"}],"author":[{"embeddable":true,"href":"https:\/\/dhlunch.ijppan.pl\/en\/wp-json\/wp\/v2\/users\/3"}],"replies":[{"embeddable":true,"href":"https:\/\/dhlunch.ijppan.pl\/en\/wp-json\/wp\/v2\/comments?post=1193"}],"version-history":[{"count":1,"href":"https:\/\/dhlunch.ijppan.pl\/en\/wp-json\/wp\/v2\/pages\/1193\/revisions"}],"predecessor-version":[{"id":1194,"href":"https:\/\/dhlunch.ijppan.pl\/en\/wp-json\/wp\/v2\/pages\/1193\/revisions\/1194"}],"wp:attachment":[{"href":"https:\/\/dhlunch.ijppan.pl\/en\/wp-json\/wp\/v2\/media?parent=1193"}],"curies":[{"name":"wp","href":"https:\/\/api.w.org\/{rel}","templated":true}]}}