{"id":124,"date":"2016-01-17T22:55:02","date_gmt":"2016-01-17T21:55:02","guid":{"rendered":"https:\/\/dhlunch.ijp.pan.pl\/?page_id=124"},"modified":"2016-01-17T22:55:02","modified_gmt":"2016-01-17T21:55:02","slug":"4-03-2016","status":"publish","type":"page","link":"https:\/\/dhlunch.ijppan.pl\/en\/4-03-2016\/","title":{"rendered":"4.03.2016"},"content":{"rendered":"<h1>TEI Simple Processing Model<\/h1>\n<h3>Magdalena Turska (University of Oxford)<\/h3>\n<p>Processing Model (PM) to propozycja uj\u0119cia w metaj\u0119zyku TEI ODD nadaj\u0105cych si\u0119 do przetwarzania maszynowego wytycznych do transformacji dokument\u00f3w XML. Prosta sk\u0142adnia oparta na bibliotece funkcji realizuj\u0105cych typowe zadania (np. utworzenie akapitu, przypisu czy elementu listy) i posi\u0142kuj\u0105ca si\u0119 j\u0119zykami XPath oraz CSS pozwala na realizacj\u0119 wi\u0119kszo\u015bci typowych zada\u0144 przy znacznym zmniejszeniu obj\u0119to\u015bci i &#8216;g\u0119sto\u015bci&#8217; kodu w por\u00f3wnaniu do podej\u015b\u0107 opartych o XSLT, XQuery czy inne uniwersalne j\u0119zyki programowania.<\/p>\n","protected":false},"excerpt":{"rendered":"<p>TEI Simple Processing Model Magdalena Turska (University of Oxford) Processing Model (PM) to propozycja uj\u0119cia w metaj\u0119zyku TEI ODD nadaj\u0105cych si\u0119 do przetwarzania maszynowego wytycznych do transformacji dokument\u00f3w XML. Prosta &hellip; <a href=\"https:\/\/dhlunch.ijppan.pl\/en\/4-03-2016\/\" class=\"more-link\">Continue reading <span class=\"screen-reader-text\">4.03.2016<\/span><\/a><\/p>\n","protected":false},"author":1,"featured_media":0,"parent":0,"menu_order":0,"comment_status":"closed","ping_status":"closed","template":"","meta":{"footnotes":""},"class_list":["post-124","page","type-page","status-publish","hentry"],"_links":{"self":[{"href":"https:\/\/dhlunch.ijppan.pl\/en\/wp-json\/wp\/v2\/pages\/124","targetHints":{"allow":["GET"]}}],"collection":[{"href":"https:\/\/dhlunch.ijppan.pl\/en\/wp-json\/wp\/v2\/pages"}],"about":[{"href":"https:\/\/dhlunch.ijppan.pl\/en\/wp-json\/wp\/v2\/types\/page"}],"author":[{"embeddable":true,"href":"https:\/\/dhlunch.ijppan.pl\/en\/wp-json\/wp\/v2\/users\/1"}],"replies":[{"embeddable":true,"href":"https:\/\/dhlunch.ijppan.pl\/en\/wp-json\/wp\/v2\/comments?post=124"}],"version-history":[{"count":0,"href":"https:\/\/dhlunch.ijppan.pl\/en\/wp-json\/wp\/v2\/pages\/124\/revisions"}],"wp:attachment":[{"href":"https:\/\/dhlunch.ijppan.pl\/en\/wp-json\/wp\/v2\/media?parent=124"}],"curies":[{"name":"wp","href":"https:\/\/api.w.org\/{rel}","templated":true}]}}