{"id":153,"date":"2016-04-20T14:23:43","date_gmt":"2016-04-20T12:23:43","guid":{"rendered":"https:\/\/dhlunch.ijp.pan.pl\/?page_id=153"},"modified":"2016-04-20T14:23:43","modified_gmt":"2016-04-20T12:23:43","slug":"6-05-2016","status":"publish","type":"page","link":"https:\/\/dhlunch.ijppan.pl\/en\/6-05-2016\/","title":{"rendered":"6.05.2016"},"content":{"rendered":"<h1>Oddzielanie kapusty i grochu\u00a0\u2013\u00a0nowe przepisy na\u00a0atrybucj\u0119 autorsk\u0105<\/h1>\n<h3>Jeremi Ochab (Uniwersytet Jagiello\u0144ski)<\/h3>\n<p>Metody atrybucji autorskiej i stylometrii kwantyfikuj\u0105 teksty, by okre\u015bla\u0107 podobie\u0144stwo pomi\u0119dzy nimi, co pozwala nast\u0119pnie klasyfikowa\u0107 je ze wzgl\u0119du na autorstwo lub elementy stylu, lub by w og\u00f3le wyodr\u0119bnia\u0107 mierzalne sk\u0142adniki tego, co nazywamy stylem. Do kwantyfikacji metody te wykorzystuj\u0105 g\u0142\u00f3wnie cz\u0119sto\u015bci wyst\u0119powania wyraz\u00f3w lub ich form podstawowych, znacznik\u00f3w gramatycznych lub n-gram\u00f3w tych jednostek. Podczas niniejszego cyfrowego lanczu mi\u0119dzy innymi podam dodatkowe sposoby uliczbowiania i klasyfikacji tekst\u00f3w, kt\u00f3re mog\u0105 nie\u015b\u0107 niewykorzystywan\u0105 dot\u0105d informacj\u0119.<\/p>\n","protected":false},"excerpt":{"rendered":"<p>Oddzielanie kapusty i grochu\u00a0\u2013\u00a0nowe przepisy na\u00a0atrybucj\u0119 autorsk\u0105 Jeremi Ochab (Uniwersytet Jagiello\u0144ski) Metody atrybucji autorskiej i stylometrii kwantyfikuj\u0105 teksty, by okre\u015bla\u0107 podobie\u0144stwo pomi\u0119dzy nimi, co pozwala nast\u0119pnie klasyfikowa\u0107 je ze wzgl\u0119du &hellip; <a href=\"https:\/\/dhlunch.ijppan.pl\/en\/6-05-2016\/\" class=\"more-link\">Continue reading <span class=\"screen-reader-text\">6.05.2016<\/span><\/a><\/p>\n","protected":false},"author":1,"featured_media":0,"parent":0,"menu_order":0,"comment_status":"closed","ping_status":"closed","template":"","meta":{"footnotes":""},"class_list":["post-153","page","type-page","status-publish","hentry"],"_links":{"self":[{"href":"https:\/\/dhlunch.ijppan.pl\/en\/wp-json\/wp\/v2\/pages\/153","targetHints":{"allow":["GET"]}}],"collection":[{"href":"https:\/\/dhlunch.ijppan.pl\/en\/wp-json\/wp\/v2\/pages"}],"about":[{"href":"https:\/\/dhlunch.ijppan.pl\/en\/wp-json\/wp\/v2\/types\/page"}],"author":[{"embeddable":true,"href":"https:\/\/dhlunch.ijppan.pl\/en\/wp-json\/wp\/v2\/users\/1"}],"replies":[{"embeddable":true,"href":"https:\/\/dhlunch.ijppan.pl\/en\/wp-json\/wp\/v2\/comments?post=153"}],"version-history":[{"count":0,"href":"https:\/\/dhlunch.ijppan.pl\/en\/wp-json\/wp\/v2\/pages\/153\/revisions"}],"wp:attachment":[{"href":"https:\/\/dhlunch.ijppan.pl\/en\/wp-json\/wp\/v2\/media?parent=153"}],"curies":[{"name":"wp","href":"https:\/\/api.w.org\/{rel}","templated":true}]}}