{"id":173,"date":"2016-09-23T11:04:58","date_gmt":"2016-09-23T09:04:58","guid":{"rendered":"https:\/\/dhlunch.ijp.pan.pl\/?page_id=173"},"modified":"2016-09-23T11:04:58","modified_gmt":"2016-09-23T09:04:58","slug":"2015-2016","status":"publish","type":"page","link":"https:\/\/dhlunch.ijppan.pl\/en\/2015-2016\/","title":{"rendered":"Digital humanities lunch albo: jak ugry\u017a\u0107 humanistyk\u0119 cyfrow\u0105 (2015-2016)"},"content":{"rendered":"<p><\/p>\n<h2>Meetings in 2015\/2016<\/h2>\n<p><strong><span style=\"color: #0000ff\">20.10.2015\u00a0<\/span><\/strong>\u00a0<span style=\"color: #ff0000\">Earle Havens (Johns Hopkins University)<\/span>: The Archaeology of Reading in Early Modern Europe: Deciphering and Encoding Manuscript Annotation Systems in Early Printed Books<\/p>\n<p><strong><span style=\"color: #0000ff\">23.10.2015\u00a0<\/span><\/strong>\u00a0<span style=\"color: #ff0000\"><a href=\"https:\/\/dhlunch.ijppan.pl\/20-10-2015\/\">Michai\u0142 Os\u0142on (Rosyjska Akademia Nauk)<\/a><\/span>:\u00a0Automatyczne rozpoznawanie intonacji wyrazowych (na materiale gwar posawskich j\u0119zyka serbochorwackiego)<\/p>\n<p><strong><span style=\"color: #0000ff\">20.11.2015\u00a0<\/span><\/strong>\u00a0<span style=\"color: #ff0000\"><a href=\"https:\/\/dhlunch.ijppan.pl\/20-11-2015\/\">Helena Grochola-Szczepanek &amp; Micha\u0142 Wo\u017aniak (IJP PAN)<\/a><\/span>: Komputerowy korpus gwary spiskiej<\/p>\n<p><strong><span style=\"color: #0000ff\">4.12.2015\u00a0<\/span><\/strong>\u00a0<span style=\"color: #ff0000\"><a href=\"https:\/\/dhlunch.ijppan.pl\/4-12-2015\/\">Micha\u0142 Kosek (Universitetet i Oslo)<\/a><\/span>:\u00a0Glossa &#8211; przyjazny system do przeszukiwania i wizualizacji tekstu i mowy<\/p>\n<p><strong><span style=\"color: #0000ff\">8.01.2016\u00a0<\/span><\/strong>\u00a0<span style=\"color: #ff0000\"><a href=\"https:\/\/dhlunch.ijppan.pl\/8-01-2016\/\">Micha\u0142 Wo\u017aniak (IJP PAN)<\/a><\/span>: Wielowyrazowe jednostki leksykalne &#8211; cyfrowe podej\u015bcie do humanistycznego problemu<\/p>\n<p><strong><span style=\"color: #0000ff\">22.01.2016\u00a0<\/span><\/strong><span style=\"color: #0000ff\">\u00a0<\/span><span style=\"color: #0000ff\"><span style=\"color: #ff0000\"><a href=\"https:\/\/dhlunch.ijppan.pl\/22-01-2016\/\">Micha\u0142 Choi\u0144ski &amp; Jan Rybicki (UJ)<\/a><\/span><\/span>: Stylometryczna analiza wczesnych kaza\u0144 ameryka\u0144skich<\/p>\n<p><strong><span style=\"color: #0000ff\">4.03.2016\u00a0<\/span><\/strong>\u00a0<span style=\"color: #ff0000\"><a href=\"https:\/\/dhlunch.ijppan.pl\/4-03-2016\/\">Magdalena Turska (University of Oxford)<\/a><\/span>:\u00a0TEI Simple Processing Model<\/p>\n<p><strong><span style=\"color: #0000ff\">18.03.2016\u00a0<\/span><\/strong><span style=\"color: #000000\">\u00a0<span style=\"color: #ff0000\">Adrian Leeman (University of Cambridge)<\/span><\/span>:\u00a0Using smartphone apps to crowdsource Big Data for dialectology<\/p>\n<p><strong><span style=\"color: #0000ff\">8.04.2016 \u00a0<\/span><\/strong><span style=\"color: #000000\"><a href=\"https:\/\/dhlunch.ijppan.pl\/8-04-2016\/\">Christof Sch\u00f6ch (Universit\u00e4t W\u00fcrzburg)<\/a><\/span>:\u00a0What are Literary Topics, Really?<\/p>\n<p><span style=\"color: #0000ff\"><strong>22.04.2016<\/strong><\/span> <a href=\"https:\/\/dhlunch.ijppan.pl\/22-04-2016\/\">Joanna Nykiel (Uniwersytet \u015al\u0105ski)<\/a>:\u00a0Processing preferences and ellipsis alternation<\/p>\n<p><span style=\"color: #0000ff\"><strong>6.05.2016<\/strong><\/span> \u00a0<span style=\"color: #ff0000\"><a href=\"https:\/\/dhlunch.ijppan.pl\/6-05-2016\/\">Jeremi Ochab (Uniwersytet Jagiello\u0144ski)<\/a><\/span>: Oddzielanie kapusty i grochu\u00a0\u2013\u00a0nowe przepisy na\u00a0atrybucj\u0119 autorsk\u0105<\/p>\n<p><span style=\"color: #0000ff\"><strong>20.05.2016 \u00a0<\/strong><\/span><span style=\"color: #ff0000\"><a href=\"https:\/\/dhlunch.ijppan.pl\/20-05-2016\/\">Jacob Thaisen (Universitetet i Oslo)<\/a><\/span>: Quantitative Modelling of Palaeographical Variation in Late Middle English<\/p>\n<p><span style=\"color: #0000ff\"><strong>3.06.2016<\/strong> \u00a0<span style=\"color: #ff0000\">Jessica Barber (Uniwersytet Jagiello\u0144ski)<\/span><\/span>: Translationese in English Translations of French Novels<span style=\"color: #0000ff\"><span style=\"color: #ff0000\"><br \/>\n<\/span><\/span><\/p>\n<p><b><i>Thank you!<\/i><\/b><\/p>\n<p>Pracownia Metodologiczna IJP PAN<\/p>\n<p>Rafa\u0142 G\u00f3rski, Maciej Eder, Urszula Modrzyk, Ruprecht von Waldenfels<\/p>","protected":false},"excerpt":{"rendered":"<p>Meetings in 2015\/2016 20.10.2015\u00a0\u00a0Earle Havens (Johns Hopkins University): The Archaeology of Reading in Early Modern Europe: Deciphering and Encoding Manuscript Annotation Systems in Early Printed Books 23.10.2015\u00a0\u00a0Michai\u0142 Os\u0142on (Rosyjska Akademia &hellip; <a href=\"https:\/\/dhlunch.ijppan.pl\/en\/2015-2016\/\" class=\"more-link\">Continue reading <span class=\"screen-reader-text\">Digital humanities lunch albo: jak ugry\u017a\u0107 humanistyk\u0119 cyfrow\u0105 (2015-2016)<\/span><\/a><\/p>\n","protected":false},"author":1,"featured_media":0,"parent":0,"menu_order":0,"comment_status":"closed","ping_status":"closed","template":"","meta":{"footnotes":""},"class_list":["post-173","page","type-page","status-publish","hentry"],"_links":{"self":[{"href":"https:\/\/dhlunch.ijppan.pl\/en\/wp-json\/wp\/v2\/pages\/173","targetHints":{"allow":["GET"]}}],"collection":[{"href":"https:\/\/dhlunch.ijppan.pl\/en\/wp-json\/wp\/v2\/pages"}],"about":[{"href":"https:\/\/dhlunch.ijppan.pl\/en\/wp-json\/wp\/v2\/types\/page"}],"author":[{"embeddable":true,"href":"https:\/\/dhlunch.ijppan.pl\/en\/wp-json\/wp\/v2\/users\/1"}],"replies":[{"embeddable":true,"href":"https:\/\/dhlunch.ijppan.pl\/en\/wp-json\/wp\/v2\/comments?post=173"}],"version-history":[{"count":0,"href":"https:\/\/dhlunch.ijppan.pl\/en\/wp-json\/wp\/v2\/pages\/173\/revisions"}],"wp:attachment":[{"href":"https:\/\/dhlunch.ijppan.pl\/en\/wp-json\/wp\/v2\/media?parent=173"}],"curies":[{"name":"wp","href":"https:\/\/api.w.org\/{rel}","templated":true}]}}