{"id":190,"date":"2016-09-23T13:50:19","date_gmt":"2016-09-23T11:50:19","guid":{"rendered":"https:\/\/dhlunch.ijp.pan.pl\/?page_id=190"},"modified":"2016-09-23T13:50:19","modified_gmt":"2016-09-23T11:50:19","slug":"d2015","status":"publish","type":"page","link":"https:\/\/dhlunch.ijppan.pl\/en\/d2015\/","title":{"rendered":"Digital humanities lunch albo: jak ugry\u017a\u0107 humanistyk\u0119 cyfrow\u0105 (2015)"},"content":{"rendered":"<p><\/p>\n<h2>Meetings in winter and spring 2015<\/h2>\n<p><strong><span style=\"color: #0000ff\">6.2.2015\u00a0<\/span><\/strong> <span style=\"color: #ff0000\">Krzysztof Nowak (IJP PAN)<\/span>: Medialatinitas. P\u0142ytka integracja zasob\u00f3w i narz\u0119dzi dla \u0142aciny.<\/p>\n<p><strong><span style=\"color: #0000ff\">13.2.2015\u00a0<\/span><\/strong> <span style=\"color: #ff0000\">Ruprecht von Waldenfels (IJP PAN)<\/span>: Ustya River Basin Corpus: korpus tekstowo-d\u017awi\u0119kowy gwary p\u00f3\u0142nocno-rosyjskiej<\/p>\n<p><strong><span style=\"color: #0000ff\">6.3.2015\u00a0<\/span><\/strong> <span style=\"color: #ff0000\">Tomasz Majkowski (UJ)<\/span>: Historia i metody groznawstwa<\/p>\n<p><strong><span style=\"color: #0000ff\">20.3.2015\u00a0<\/span><\/strong> <span style=\"color: #ff0000\">Maria Koz\u0142owska (UJ) i Maciej Eder (IJP PAN)<\/span>: Who wrote Erasmus&#8217;s &#8220;Lingua&#8221; in Polish? A stylometric perspective<\/p>\n<p><strong><span style=\"color: #0000ff\">27.3.2015<\/span><\/strong> <span style=\"color: #ff0000\">Kamil Stachowski (UJ)<\/span>: Reduplikacje turkijskie: metody kwantytatywne w j\u0119zykoznawstwie historycznym<\/p>\n<p><strong><span style=\"color: #0000ff\">17.4.2015\u00a0<\/span><\/strong> <span style=\"color: #0000ff\"><span style=\"color: #ff0000\">Dariusz Piwowarczyk (UJ)<\/span><\/span>: Metody komputerowe w j\u0119zykoznawstwie historycznym \u2013 fonologia i morfologia historyczna<\/p>\n<p><b><i>Thank you!<\/i><\/b><\/p>\n<p>Pracownia Metodologiczna IJP PAN<\/p>\n<p>Rafa\u0142 G\u00f3rski, Maciej Eder, Ruprecht von Waldenfels<\/p>","protected":false},"excerpt":{"rendered":"<p>Meetings in winter and spring 2015 6.2.2015\u00a0 Krzysztof Nowak (IJP PAN): Medialatinitas. P\u0142ytka integracja zasob\u00f3w i narz\u0119dzi dla \u0142aciny. 13.2.2015\u00a0 Ruprecht von Waldenfels (IJP PAN): Ustya River Basin Corpus: korpus &hellip; <a href=\"https:\/\/dhlunch.ijppan.pl\/en\/d2015\/\" class=\"more-link\">Continue reading <span class=\"screen-reader-text\">Digital humanities lunch albo: jak ugry\u017a\u0107 humanistyk\u0119 cyfrow\u0105 (2015)<\/span><\/a><\/p>\n","protected":false},"author":1,"featured_media":0,"parent":0,"menu_order":0,"comment_status":"closed","ping_status":"closed","template":"","meta":{"footnotes":""},"class_list":["post-190","page","type-page","status-publish","hentry"],"_links":{"self":[{"href":"https:\/\/dhlunch.ijppan.pl\/en\/wp-json\/wp\/v2\/pages\/190","targetHints":{"allow":["GET"]}}],"collection":[{"href":"https:\/\/dhlunch.ijppan.pl\/en\/wp-json\/wp\/v2\/pages"}],"about":[{"href":"https:\/\/dhlunch.ijppan.pl\/en\/wp-json\/wp\/v2\/types\/page"}],"author":[{"embeddable":true,"href":"https:\/\/dhlunch.ijppan.pl\/en\/wp-json\/wp\/v2\/users\/1"}],"replies":[{"embeddable":true,"href":"https:\/\/dhlunch.ijppan.pl\/en\/wp-json\/wp\/v2\/comments?post=190"}],"version-history":[{"count":0,"href":"https:\/\/dhlunch.ijppan.pl\/en\/wp-json\/wp\/v2\/pages\/190\/revisions"}],"wp:attachment":[{"href":"https:\/\/dhlunch.ijppan.pl\/en\/wp-json\/wp\/v2\/media?parent=190"}],"curies":[{"name":"wp","href":"https:\/\/api.w.org\/{rel}","templated":true}]}}