{"id":239,"date":"2016-11-11T10:08:53","date_gmt":"2016-11-11T09:08:53","guid":{"rendered":"https:\/\/dhlunch.ijp.pan.pl\/?page_id=239"},"modified":"2016-11-11T10:08:53","modified_gmt":"2016-11-11T09:08:53","slug":"4-11-2016","status":"publish","type":"page","link":"https:\/\/dhlunch.ijppan.pl\/en\/4-11-2016\/","title":{"rendered":"4.11.2016"},"content":{"rendered":"<h1>Projekt wolnelektury.pl<\/h1>\n<h3>Jaros\u0142aw Lipszyc (Fundacja Nowoczesna Polska)<\/h3>\n<p>&nbsp;<\/p>\n<p><iframe title=\"Lunch z Humanistyk\u0105 Cyfrow\u0105 - Jaros\u0142aw Lipszyc: Projekt Wolne Lektury\" width=\"660\" height=\"371\" src=\"https:\/\/www.youtube.com\/embed\/rrLd14jbdSU?feature=oembed\" frameborder=\"0\" allow=\"accelerometer; autoplay; clipboard-write; encrypted-media; gyroscope; picture-in-picture; web-share\" referrerpolicy=\"strict-origin-when-cross-origin\" allowfullscreen><\/iframe><\/p>\n<p>To i pozosta\u0142e nagrania s\u0105 dost\u0119pne <a href=\"https:\/\/www.youtube.com\/channel\/UCQfYhxastnHg6jiZU-H3PLA\" target=\"_blank\" rel=\"noopener noreferrer\">na naszym kanale na YouTube<\/a>.<\/p>\n<p>&nbsp;<\/p>\n","protected":false},"excerpt":{"rendered":"<p>Projekt wolnelektury.pl Jaros\u0142aw Lipszyc (Fundacja Nowoczesna Polska) &nbsp; To i pozosta\u0142e nagrania s\u0105 dost\u0119pne na naszym kanale na YouTube. &nbsp;<\/p>\n","protected":false},"author":1,"featured_media":0,"parent":0,"menu_order":0,"comment_status":"closed","ping_status":"closed","template":"","meta":{"footnotes":""},"class_list":["post-239","page","type-page","status-publish","hentry"],"_links":{"self":[{"href":"https:\/\/dhlunch.ijppan.pl\/en\/wp-json\/wp\/v2\/pages\/239","targetHints":{"allow":["GET"]}}],"collection":[{"href":"https:\/\/dhlunch.ijppan.pl\/en\/wp-json\/wp\/v2\/pages"}],"about":[{"href":"https:\/\/dhlunch.ijppan.pl\/en\/wp-json\/wp\/v2\/types\/page"}],"author":[{"embeddable":true,"href":"https:\/\/dhlunch.ijppan.pl\/en\/wp-json\/wp\/v2\/users\/1"}],"replies":[{"embeddable":true,"href":"https:\/\/dhlunch.ijppan.pl\/en\/wp-json\/wp\/v2\/comments?post=239"}],"version-history":[{"count":0,"href":"https:\/\/dhlunch.ijppan.pl\/en\/wp-json\/wp\/v2\/pages\/239\/revisions"}],"wp:attachment":[{"href":"https:\/\/dhlunch.ijppan.pl\/en\/wp-json\/wp\/v2\/media?parent=239"}],"curies":[{"name":"wp","href":"https:\/\/api.w.org\/{rel}","templated":true}]}}