{"id":420,"date":"2017-10-06T14:41:28","date_gmt":"2017-10-06T12:41:28","guid":{"rendered":"https:\/\/dhlunch.ijp.pan.pl\/?page_id=420"},"modified":"2017-10-06T14:41:28","modified_gmt":"2017-10-06T12:41:28","slug":"digital-humanities-lunch-albo-jak-ugryzc-humanistyke-cyfrowa-2016-2017","status":"publish","type":"page","link":"https:\/\/dhlunch.ijppan.pl\/en\/digital-humanities-lunch-albo-jak-ugryzc-humanistyke-cyfrowa-2016-2017\/","title":{"rendered":"Digital humanities lunch albo: jak ugry\u017a\u0107 humanistyk\u0119 cyfrow\u0105 (2016-2017)"},"content":{"rendered":"<p>Continuing the medieval tradition of eating while listening to a learned person reading and interpreting learned texts, we are inviting all those interested in the <i>humanitates digitales<\/i> to join us for lunch on Fridays at IJP PAN for the following talks. The atmosphere will be informal, please bring your lunch or join us in <a href=\"http:\/\/bit.ly\/dhmakaron\">ordering nudles from a nearby pasta bar<\/a>.<\/p>\n<h2>where and when:<\/h2>\n<p>on Fridays, at 1 pm, in the conference room at IJP PAN, al. Mickiewicza 31 in Krak\u00f3w; or online\u00a0here:<br \/>\n<a href=\"http:\/\/bit.ly\/MetoYouTube\">http:\/\/bit.ly\/MetoYouTube<\/a><\/p>\n<p>contact: metodologia.ijp@gmail.com<\/p>\n<h2>program<\/h2>\n<p><strong><span style=\"color: #0000ff\">14.10.2016\u00a0<\/span><\/strong> <span style=\"color: #da4453\"><a href=\"https:\/\/dhlunch.ijppan.pl\/14-10-2016\/\">W\u0142odzimierz Gruszczy\u0144ski (IJP PAN)<\/a><\/span>: Od ZX Spectrum do Jasnopisu<\/p>\n<p><strong><span style=\"color: #0000ff\">4.11.2016\u00a0<\/span><\/strong> <span style=\"color: #da4453\"><a href=\"https:\/\/dhlunch.ijppan.pl\/4-11-2016\/\">Jaros\u0142aw Lipszyc (Fundacja Nowoczesna Polska)<\/a><\/span>: Projekt wolnelektury.pl<\/p>\n<p><strong><span style=\"color: #0000ff\">25.11.2016\u00a0<\/span><\/strong> <span style=\"color: #da4453\">Pawe\u0142 Swoboda (IJP PAN)<\/span>: Wykorzystanie metod stylometrycznych w badaniu dystrybucji geograficznej imiennictwa w Polsce<em><br \/>\n<\/em><\/p>\n<p><strong><span style=\"color: #0000ff\">9.12.2016\u00a0<\/span><\/strong>\u00a0<span style=\"color: #da4453\"><a href=\"https:\/\/dhlunch.ijppan.pl\/9-12-2016\/\">James O&#8217;Sullivan (University of Sheffield)<\/a><\/span>: The Evolution of E-lit: Quantitative Approaches<em><br \/>\n<\/em><\/p>\n<p><strong><span style=\"color: #0000ff\">13.01.2017\u00a0<\/span><\/strong> <span style=\"color: #da4453\"><a href=\"https:\/\/dhlunch.ijppan.pl\/13-01-2017\/\">Anita Lorenc (UW), Daniel Kr\u00f3l (PWSZ w Tarnowie)<\/a><\/span>: Badanie wymowy polskiej przy u\u017cyciu artykulografu elektromagnetycznego i ko\u0142owej macierzy mikrofonowej<em><br \/>\n<\/em><\/p>\n<p><strong><span style=\"color: #0000ff\">27.01.2017\u00a0<\/span><\/strong> <span style=\"color: #da4453\"><a href=\"https:\/\/dhlunch.ijppan.pl\/27-01-2017\/\">Magdalena Majdak (IJP PAN), Magdalena Igras-Cybulska (AGH)<\/a><\/span>: Czy mo\u017cna zakocha\u0107 si\u0119 w g\u0142osie. Przyczynki do analizy filologicznej i akustycznej<em><br \/>\n<\/em><\/p>\n<p><strong><span style=\"color: #0000ff\">17.02.2017\u00a0<\/span><\/strong> <span style=\"color: #da4453\"><a href=\"https:\/\/dhlunch.ijppan.pl\/17-02-2017\/\">Lucie Chlumsk\u00e1 (Univerzita Karlova)<\/a><\/span>: Analyzing Translated Czech in a Monolingual Comparable Corpus: Possibilities and Limitations<em><br \/>\n<\/em><\/p>\n<p><strong><span style=\"color: #0000ff\">10.03.2017\u00a0<\/span><\/strong> <a href=\"https:\/\/dhlunch.ijppan.pl\/slowenski-internetowy-portal-fran-jako-baza-leksykograficzna\/\"><span style=\"color: #da4453\">Mojca Horvat (In\u0161titut za slovenski jezik Frana Ramov\u0161a)<\/span><\/a>: S\u0142owe\u0144ski internetowy portal FRAN jako baza leksykograficzna<\/p>\n<p><strong><span style=\"color: #0000ff\">17.03.2017\u00a0<\/span><\/strong> <a href=\"https:\/\/dhlunch.ijppan.pl\/17-03-2017\/\"><span style=\"color: #da4453\">Ma\u0142gorzata Krawczyk (AGH)<\/span><\/a><span style=\"color: #000000\">:\u00a0Powiedz mi jak masz na imi\u0119 a powiem Ci sk\u0105d jeste\u015b &#8211; czyli o popularno\u015bci imion w USA<\/span><\/p>\n<p><strong><span style=\"color: #0000ff\">31.03.2017\u00a0<\/span><\/strong> <a href=\"https:\/\/dhlunch.ijppan.pl\/31-01-2017\/\"><span style=\"color: #da4453\">Gerhard Lauer (Universit\u00e4t G\u00f6ttingen)<\/span><\/a>: Doing literary studies with corpora. The case of KOLIMO<em><br \/>\n<\/em><\/p>\n<p><strong><span style=\"color: #0000ff\">21.04.2017\u00a0<\/span><\/strong> <a href=\"https:\/\/dhlunch.ijppan.pl\/21-04-2017\/\"><span style=\"color: #da4453\">Jonathan Hope (University of Strathclyde)<\/span><\/a>: Sequent; New Tools and Methods for Lexical Enquiry<em><br \/>\n<\/em><\/p>\n<p><strong><span style=\"color: #0000ff\">15.05.2017\u00a0<\/span><\/strong> <a href=\"https:\/\/dhlunch.ijppan.pl\/15-05-2017\/\"><span style=\"color: #da4453\">Willie van Peer (Ludwig Maximilian University)<\/span><\/a>: What SPSS can do for you. An introduction to empirical studies of literature<\/p>\n<p><strong><span style=\"color: #0000ff\">19.05.2017\u00a0<\/span><\/strong> <a href=\"https:\/\/dhlunch.ijppan.pl\/19-05-2017\/\"><span style=\"color: #da4453\">Robert Lew (UAM)<\/span><\/a>: S\u0142ownik widziany oczyma u\u017cytkownik\u00f3w, czyli okulografia w leksykografii<em><br \/>\n<\/em><\/p>\n<p><strong><span style=\"color: #0000ff\">07.06.2017<\/span><\/strong> <a href=\"https:\/\/dhlunch.ijppan.pl\/07-06-2017\/\">Karina van Dalen-Oskam (University of Amsterdam)<\/a>: Conventions of literariness and translations<\/p>\n<p><b><i>Smacznego!<\/i><\/b><\/p>\n<p>Pracownia Metodologiczna IJP PAN<\/p>\n<p>Rafa\u0142 G\u00f3rski, Maciej Eder, Urszula Modrzyk, Magda Kr\u00f3l<\/p>\n<p>in cooperation with Towarzystwo Mi\u0142o\u015bnik\u00f3w J\u0119zyka Polskiego<\/p>","protected":false},"excerpt":{"rendered":"<p>Continuing the medieval tradition of eating while listening to a learned person reading and interpreting learned texts, we are inviting all those interested in the humanitates digitales to join us &hellip; <a href=\"https:\/\/dhlunch.ijppan.pl\/en\/digital-humanities-lunch-albo-jak-ugryzc-humanistyke-cyfrowa-2016-2017\/\" class=\"more-link\">Continue reading <span class=\"screen-reader-text\">Digital humanities lunch albo: jak ugry\u017a\u0107 humanistyk\u0119 cyfrow\u0105 (2016-2017)<\/span><\/a><\/p>\n","protected":false},"author":1,"featured_media":0,"parent":0,"menu_order":0,"comment_status":"closed","ping_status":"closed","template":"","meta":{"footnotes":""},"class_list":["post-420","page","type-page","status-publish","hentry"],"_links":{"self":[{"href":"https:\/\/dhlunch.ijppan.pl\/en\/wp-json\/wp\/v2\/pages\/420","targetHints":{"allow":["GET"]}}],"collection":[{"href":"https:\/\/dhlunch.ijppan.pl\/en\/wp-json\/wp\/v2\/pages"}],"about":[{"href":"https:\/\/dhlunch.ijppan.pl\/en\/wp-json\/wp\/v2\/types\/page"}],"author":[{"embeddable":true,"href":"https:\/\/dhlunch.ijppan.pl\/en\/wp-json\/wp\/v2\/users\/1"}],"replies":[{"embeddable":true,"href":"https:\/\/dhlunch.ijppan.pl\/en\/wp-json\/wp\/v2\/comments?post=420"}],"version-history":[{"count":0,"href":"https:\/\/dhlunch.ijppan.pl\/en\/wp-json\/wp\/v2\/pages\/420\/revisions"}],"wp:attachment":[{"href":"https:\/\/dhlunch.ijppan.pl\/en\/wp-json\/wp\/v2\/media?parent=420"}],"curies":[{"name":"wp","href":"https:\/\/api.w.org\/{rel}","templated":true}]}}