{"id":67,"date":"2015-11-16T18:40:33","date_gmt":"2015-11-16T17:40:33","guid":{"rendered":"https:\/\/dhlunch.ijp.pan.pl\/?page_id=67"},"modified":"2015-11-16T18:40:33","modified_gmt":"2015-11-16T17:40:33","slug":"20-11-2015","status":"publish","type":"page","link":"https:\/\/dhlunch.ijppan.pl\/en\/20-11-2015\/","title":{"rendered":"20.11.2015"},"content":{"rendered":"<h1>Komputerowy korpus gwary spiskiej<\/h1>\n<h3>Helena Grochola-Szczepanek &amp; Micha\u0142 Wo\u017aniak (IJP PAN)<\/h3>\n<p><span class=\"im\">Tematem spotkania b\u0119dzie nowo powstaj\u0105cy projekt, kt\u00f3rego celem jest dokumentacja gwary spiskiej oraz opracowanie elektronicznego korpusu tekst\u00f3w i nagra\u0144 gwarowych z terenu polskiego Spisza.\u00a0Przedstawimy og\u00f3lne za\u0142o\u017cenia opracowania, spos\u00f3b pozyskiwania materia\u0142\u00f3w \u2013 refleksje z bada\u0144 terenowych, wykorzystanie narz\u0119dzi informatycznych oraz zagadnienia zwi\u0105zane z transkrypcj\u0105 tekst\u00f3w.\u00a0<\/span>Om\u00f3wimy techniczne aspekty tworzenia elektronicznego korpusu \u0142\u0105cz\u0105cego nagrania i transkrypcje, jego planowany interfejs graficzny i mo\u017cliwo\u015bci wykorzystywania z u\u017cyciem komputera.<\/p>\n","protected":false},"excerpt":{"rendered":"<p>Komputerowy korpus gwary spiskiej Helena Grochola-Szczepanek &amp; Micha\u0142 Wo\u017aniak (IJP PAN) Tematem spotkania b\u0119dzie nowo powstaj\u0105cy projekt, kt\u00f3rego celem jest dokumentacja gwary spiskiej oraz opracowanie elektronicznego korpusu tekst\u00f3w i nagra\u0144 &hellip; <a href=\"https:\/\/dhlunch.ijppan.pl\/en\/20-11-2015\/\" class=\"more-link\">Continue reading <span class=\"screen-reader-text\">20.11.2015<\/span><\/a><\/p>\n","protected":false},"author":1,"featured_media":0,"parent":0,"menu_order":0,"comment_status":"closed","ping_status":"closed","template":"","meta":{"footnotes":""},"class_list":["post-67","page","type-page","status-publish","hentry"],"_links":{"self":[{"href":"https:\/\/dhlunch.ijppan.pl\/en\/wp-json\/wp\/v2\/pages\/67","targetHints":{"allow":["GET"]}}],"collection":[{"href":"https:\/\/dhlunch.ijppan.pl\/en\/wp-json\/wp\/v2\/pages"}],"about":[{"href":"https:\/\/dhlunch.ijppan.pl\/en\/wp-json\/wp\/v2\/types\/page"}],"author":[{"embeddable":true,"href":"https:\/\/dhlunch.ijppan.pl\/en\/wp-json\/wp\/v2\/users\/1"}],"replies":[{"embeddable":true,"href":"https:\/\/dhlunch.ijppan.pl\/en\/wp-json\/wp\/v2\/comments?post=67"}],"version-history":[{"count":0,"href":"https:\/\/dhlunch.ijppan.pl\/en\/wp-json\/wp\/v2\/pages\/67\/revisions"}],"wp:attachment":[{"href":"https:\/\/dhlunch.ijppan.pl\/en\/wp-json\/wp\/v2\/media?parent=67"}],"curies":[{"name":"wp","href":"https:\/\/api.w.org\/{rel}","templated":true}]}}