{"id":705,"date":"2018-05-17T11:51:14","date_gmt":"2018-05-17T09:51:14","guid":{"rendered":"https:\/\/dhlunch.ijp.pan.pl\/?page_id=705"},"modified":"2018-05-17T11:51:14","modified_gmt":"2018-05-17T09:51:14","slug":"25-05-2018","status":"publish","type":"page","link":"https:\/\/dhlunch.ijppan.pl\/en\/25-05-2018\/","title":{"rendered":"25.05.2018"},"content":{"rendered":"<p>\u00cdslendingas\u00f6gur, Anonymity, and Stylo: A Case of <em>Bjarnar saga H\u00edtd\u00e6lakappa<\/em><\/p>\n<p>This talk will be focused on the application of Stylo (R) to an anonymous medieval text, one of the Old Icelandic sagas of Icelanders (\u00cdslendingas\u00f6gur). <em>Bjarnar saga H\u00edtd\u00e6lakappa<\/em> has often been called \u00abclumsily made\u00bb because at a certain point the narrative changes quite dramatically. A close reading research has shown that the point of change divides the saga into two parts that have the same plot pattern but differ in the narrator&#8217;s work with point of view, perspective, and characters&#8217; representation as well as the narrative organisation. Thus, the possibilities are that Bjarnar saga, as we have it, is either a compilation of two different texts written by different authors or a representation of two different types of narrative based on a theme (setting in Norway\/setting in Iceland) or pragmatics of composition (introduction\/main story).<\/p>\n<p>In this talk I want to present the current results of approaching this problem by means of Stylo as well as to discuss their possible interpretation and further research strategy in this case.<\/p>\n<p>The transmission will be available on our YouTube channel:<\/p>\n<p>https:\/\/www.youtube.com\/watch?v=9aR82UyLs9o<\/p>","protected":false},"excerpt":{"rendered":"<p>\u00cdslendingas\u00f6gur, Anonymity, and Stylo: A Case of Bjarnar saga H\u00edtd\u00e6lakappa This talk will be focused on the application of Stylo (R) to an anonymous medieval text, one of the Old &hellip; <a href=\"https:\/\/dhlunch.ijppan.pl\/en\/25-05-2018\/\" class=\"more-link\">Continue reading <span class=\"screen-reader-text\">25.05.2018<\/span><\/a><\/p>\n","protected":false},"author":1,"featured_media":0,"parent":0,"menu_order":0,"comment_status":"closed","ping_status":"closed","template":"","meta":{"footnotes":""},"class_list":["post-705","page","type-page","status-publish","hentry"],"_links":{"self":[{"href":"https:\/\/dhlunch.ijppan.pl\/en\/wp-json\/wp\/v2\/pages\/705","targetHints":{"allow":["GET"]}}],"collection":[{"href":"https:\/\/dhlunch.ijppan.pl\/en\/wp-json\/wp\/v2\/pages"}],"about":[{"href":"https:\/\/dhlunch.ijppan.pl\/en\/wp-json\/wp\/v2\/types\/page"}],"author":[{"embeddable":true,"href":"https:\/\/dhlunch.ijppan.pl\/en\/wp-json\/wp\/v2\/users\/1"}],"replies":[{"embeddable":true,"href":"https:\/\/dhlunch.ijppan.pl\/en\/wp-json\/wp\/v2\/comments?post=705"}],"version-history":[{"count":0,"href":"https:\/\/dhlunch.ijppan.pl\/en\/wp-json\/wp\/v2\/pages\/705\/revisions"}],"wp:attachment":[{"href":"https:\/\/dhlunch.ijppan.pl\/en\/wp-json\/wp\/v2\/media?parent=705"}],"curies":[{"name":"wp","href":"https:\/\/api.w.org\/{rel}","templated":true}]}}