{"id":729,"date":"2018-09-27T13:09:08","date_gmt":"2018-09-27T11:09:08","guid":{"rendered":"https:\/\/dhlunch.ijp.pan.pl\/?page_id=729"},"modified":"2018-09-27T13:09:08","modified_gmt":"2018-09-27T11:09:08","slug":"digital-humanities-lunch-czyli-jak-ugryzc-humanistyke-cyfrowa-2017-2018","status":"publish","type":"page","link":"https:\/\/dhlunch.ijppan.pl\/en\/digital-humanities-lunch-czyli-jak-ugryzc-humanistyke-cyfrowa-2017-2018\/","title":{"rendered":"Digital humanities lunch, czyli jak ugry\u017a\u0107 humanistyk\u0119 cyfrow\u0105 (2017-2018)"},"content":{"rendered":"<p><\/p>\n<h2>Meetings in the academic year 2017\/2018:<\/h2>\n<p><strong>25.05.2018\u00a0<\/strong>\u00a0<a href=\"https:\/\/dhlunch.ijppan.pl\/25-05-2018\/\">Daria Glebova (University of Iceland)<\/a>: \u00cdslendingas\u00f6gur, Anonymity, and Stylo: A Case of Bjarnar saga H\u00edtd\u00e6lakappa<\/p>\n<p><strong>18.05.2018\u00a0<\/strong>\u00a0<a href=\"https:\/\/dhlunch.ijppan.pl\/18-05-2018\/\">Laura Hern\u00e1ndez Lorenzo (Universidad de Sevilla)<\/a>: Applying Stylometry to Golden Age Spanish Poetry. Authorship problems in Fernando de Herrera\u2019s Poetic Works.<\/p>\n<p><strong>20.04.2018\u00a0<\/strong>\u00a0<a href=\"https:\/\/dhlunch.ijppan.pl\/20-04-2018\/\">Agata Rodziewicz i Anna Niedzielska (SWPS)<\/a>: Badania okulograficzne nad procesem czytania<\/p>\n<p><strong>16.03.2018\u00a0<\/strong>\u00a0<a href=\"https:\/\/dhlunch.ijppan.pl\/16-03-2018\/\">Ma\u0142gorzata Nizio\u0142ek (UP)<\/a>: Matryca leksykalno-sk\u0142adniowa powie\u015bci kryminalnej \u2013 scena zbrodni<\/p>\n<p><strong>9.03.2018\u00a0<\/strong>\u00a0<a href=\"https:\/\/dhlunch.ijppan.pl\/09-03-2018\/\">Magdalena Derwojedowa (UW)<\/a>: Ust\u0119py i wyimki, czyli o mikrokorpusie 1830-1918.<\/p>\n<p><strong>9.02.2018\u00a0<\/strong>\u00a0<a href=\"https:\/\/dhlunch.ijppan.pl\/9-02-2018\/\">Petr Plech\u00e1\u010d (Uniwersytet Karola w Pradze)<\/a>: Stylometry and Versification.<\/p>\n<p><strong>15.12.2017\u00a0<\/strong>\u00a0<a href=\"https:\/\/dhlunch.ijppan.pl\/15-12-2017\/\">Naomi Fraser (CLLC University of Newcastle)<\/a>: Style in science fiction and fantasy.<\/p>\n<p><strong>8.12.2017\u00a0<\/strong>\u00a0<a href=\"https:\/\/dhlunch.ijppan.pl\/08-12-2017\/\">Marek S\u0142o\u0144 (IH PAN)<\/a>: Transliteracja, transkrypcja, normalizacja i identyfikacja. O cyfrowym indeksowaniu r\u0119kopis\u00f3w.<\/p>\n<p><strong>24.11.2017\u00a0<\/strong>\u00a0<a href=\"https:\/\/dhlunch.ijppan.pl\/24-11-2017\/\">Katrien Depuydt (\/instituut voor de Nederlandse taal\/)<\/a>: DiaMaNT, diachroniczny leksykon semantyczny holenderskiego. Od s\u0142ownika historycznego do cyfrowego.<\/p>\n<p><strong>17.11.2017\u00a0<\/strong>\u00a0<a href=\"https:\/\/dhlunch.ijppan.pl\/eleksykografia\/\">#eLeksykografia<\/a>: Minikonferencja o integracji zasob\u00f3w leksykalnych.<\/p>\n<p><strong>10.11.2017\u00a0<\/strong>\u00a0<a href=\"https:\/\/dhlunch.ijppan.pl\/10-11-2017\/\">\u0141ukasz Cybulski (IBL PAN)<\/a>: Perspektywy i ograniczenia edytorstwa cyfrowego, czyli o przysz\u0142o\u015bci raz jeszcze.<\/p>\n<p><strong>27.10.2017\u00a0<\/strong>\u00a0<a href=\"https:\/\/dhlunch.ijppan.pl\/27-10-2017\/\">Wojciech Kosior (UJ)<\/a>: Elyonim veTachtonim \u2013 elektroniczna baza anio\u0142\u00f3w, demon\u00f3w i duch\u00f3w wczesnej literatury rabinicznej. Praktyczne i niepraktyczne zastosowanie projektu.<\/p>\n<p><strong>13.10.2017\u00a0<\/strong>\u00a0<a href=\"https:\/\/dhlunch.ijppan.pl\/13-10-2017\/\">Piotr \u017bmigrodzki (IJP PAN)<\/a>: O niekt\u00f3rych technicznych aspektach pracy nad Wielkim s\u0142ownikiem j\u0119zyka polskiego PAN.<\/p>\n<p><b><i>Thank you!<\/i><\/b><\/p>\n<p>Pracownia Metodologiczna IJP PAN<\/p>\n<p>Rafa\u0142 G\u00f3rski, Maciej Eder, Magda Kr\u00f3l, Joanna Byszuk, Jan Winkowski, Micha\u0142 Wo\u017aniak, Piotr Rybka<\/p>\n<p>we wsp\u00f3\u0142pracy z Towarzystwem Mi\u0142o\u015bnik\u00f3w J\u0119zyka Polskiego<\/p>","protected":false},"excerpt":{"rendered":"<p>Meetings in the academic year 2017\/2018: 25.05.2018\u00a0\u00a0Daria Glebova (University of Iceland): \u00cdslendingas\u00f6gur, Anonymity, and Stylo: A Case of Bjarnar saga H\u00edtd\u00e6lakappa 18.05.2018\u00a0\u00a0Laura Hern\u00e1ndez Lorenzo (Universidad de Sevilla): Applying Stylometry to &hellip; <a href=\"https:\/\/dhlunch.ijppan.pl\/en\/digital-humanities-lunch-czyli-jak-ugryzc-humanistyke-cyfrowa-2017-2018\/\" class=\"more-link\">Continue reading <span class=\"screen-reader-text\">Digital humanities lunch, czyli jak ugry\u017a\u0107 humanistyk\u0119 cyfrow\u0105 (2017-2018)<\/span><\/a><\/p>\n","protected":false},"author":1,"featured_media":0,"parent":0,"menu_order":0,"comment_status":"closed","ping_status":"closed","template":"","meta":{"footnotes":""},"class_list":["post-729","page","type-page","status-publish","hentry"],"_links":{"self":[{"href":"https:\/\/dhlunch.ijppan.pl\/en\/wp-json\/wp\/v2\/pages\/729","targetHints":{"allow":["GET"]}}],"collection":[{"href":"https:\/\/dhlunch.ijppan.pl\/en\/wp-json\/wp\/v2\/pages"}],"about":[{"href":"https:\/\/dhlunch.ijppan.pl\/en\/wp-json\/wp\/v2\/types\/page"}],"author":[{"embeddable":true,"href":"https:\/\/dhlunch.ijppan.pl\/en\/wp-json\/wp\/v2\/users\/1"}],"replies":[{"embeddable":true,"href":"https:\/\/dhlunch.ijppan.pl\/en\/wp-json\/wp\/v2\/comments?post=729"}],"version-history":[{"count":0,"href":"https:\/\/dhlunch.ijppan.pl\/en\/wp-json\/wp\/v2\/pages\/729\/revisions"}],"wp:attachment":[{"href":"https:\/\/dhlunch.ijppan.pl\/en\/wp-json\/wp\/v2\/media?parent=729"}],"curies":[{"name":"wp","href":"https:\/\/api.w.org\/{rel}","templated":true}]}}