{"id":810,"date":"2019-10-01T13:05:31","date_gmt":"2019-10-01T11:05:31","guid":{"rendered":"https:\/\/dhlunch.ijp.pan.pl\/?page_id=810"},"modified":"2019-10-01T13:05:31","modified_gmt":"2019-10-01T11:05:31","slug":"digital-humanities-lunch-albo-jak-ugryzc-humanistyke-cyfrowa-2018-2019","status":"publish","type":"page","link":"https:\/\/dhlunch.ijppan.pl\/en\/digital-humanities-lunch-albo-jak-ugryzc-humanistyke-cyfrowa-2018-2019\/","title":{"rendered":"Digital Humanities Lunch 2018\/2019"},"content":{"rendered":"<h2>Meetings in 2018\/2019:<\/h2>\n<p><strong><span style=\"color: #0000ff\"> 15.03.2019 <\/span><\/strong> <span style=\"color: #da4453\"><a href=\"https:\/\/dhlunch.ijppan.pl\/15-03-2019\/\">Gustavo Fern\u00e1ndez Riva (Universidade Nova de Lisboa (Portugal))<\/a><\/span>: Network Analysis of Medieval Manuscript Transmission. A Sample Study on Middle High German Sources\t<\/p>\n<p><strong><span style=\"color: #0000ff\">08.03.2019 <\/span><\/strong> <span style=\"color: #da4453\"><a href=\"https:\/\/dhlunch.ijppan.pl\/08-03-2019\/\">Martina Scholger (Uniwersytet w Grazu)<\/a><\/span>: What notebooks can tell us about an artist\u2019s work\t<\/p>\n<p><strong><span style=\"color: #0000ff\">01.02.2019 <\/span><\/strong> <span style=\"color: #da4453\"><a href=\"https:\/\/dhlunch.ijppan.pl\/01-02-2019\/\">Aleksander Smywi\u0144ski-Pohl (AGH)<\/a><\/span>: Zastosowanie metod lingwistyki komputerowej w Lemkinie &#8211; inteligentnym systemie informacji prawnej<\/p>\n<p><strong><span style=\"color: #0000ff\">28.09.2018 <\/span><\/strong> <span style=\"color: #da4453\"><a href=\"https:\/\/dhlunch.ijppan.pl\/14-12-2018\/\">Wojciech \u0141ukasik (IJP PAN)<\/a><\/span>: Mityczne zwierz\u0119ta M\u0142odej Polski<\/p>\n<p><strong><span style=\"color: #0000ff\">9.11.2018 <\/span><\/strong> <span style=\"color: #da4453\"><a href=\"https:\/\/dhlunch.ijppan.pl\/english-09-11-2018\/\">Dorota Adamiec, Renata Bronikowska, W\u0142odzimierz Gruszczy\u0144ski (IJP PAN)<\/a><\/span>: Elektroniczny Korpus Tekst\u00f3w Polskich z XVII i XVIII w. (do 1772 r.) jako zas\u00f3b dla badaczy historii j\u0119zyka\t \t <\/p>\n<p><strong><span style=\"color: #0000ff\">28.09.2018 <\/span><\/strong> <span style=\"color: #da4453\"><a href=\"https:\/\/dhlunch.ijppan.pl\/28-09-2018\/\">Axel Herold (BBAW)<\/a><\/span>: Modelling of dictionary structures for interoperability (the historical lexicography perspective)\t<\/p>\n<p><b><i>Thank you!<\/i><\/b><\/p>\n<p>Pracownia Metodologiczna IJP PAN<\/p>\n<p>Rafa\u0142 G\u00f3rski, Maciej Eder, Magda Kr\u00f3l, Joanna Byszuk, Jan Winkowski, Micha\u0142 Wo\u017aniak, Piotr Rybka<\/p>\n","protected":false},"excerpt":{"rendered":"<p>Meetings in 2018\/2019: 15.03.2019 Gustavo Fern\u00e1ndez Riva (Universidade Nova de Lisboa (Portugal)): Network Analysis of Medieval Manuscript Transmission. A Sample Study on Middle High German Sources 08.03.2019 Martina Scholger (Uniwersytet &hellip; <a href=\"https:\/\/dhlunch.ijppan.pl\/en\/digital-humanities-lunch-albo-jak-ugryzc-humanistyke-cyfrowa-2018-2019\/\" class=\"more-link\">Continue reading <span class=\"screen-reader-text\">Digital Humanities Lunch 2018\/2019<\/span><\/a><\/p>\n","protected":false},"author":1,"featured_media":0,"parent":0,"menu_order":0,"comment_status":"closed","ping_status":"closed","template":"","meta":{"footnotes":""},"class_list":["post-810","page","type-page","status-publish","hentry"],"_links":{"self":[{"href":"https:\/\/dhlunch.ijppan.pl\/en\/wp-json\/wp\/v2\/pages\/810","targetHints":{"allow":["GET"]}}],"collection":[{"href":"https:\/\/dhlunch.ijppan.pl\/en\/wp-json\/wp\/v2\/pages"}],"about":[{"href":"https:\/\/dhlunch.ijppan.pl\/en\/wp-json\/wp\/v2\/types\/page"}],"author":[{"embeddable":true,"href":"https:\/\/dhlunch.ijppan.pl\/en\/wp-json\/wp\/v2\/users\/1"}],"replies":[{"embeddable":true,"href":"https:\/\/dhlunch.ijppan.pl\/en\/wp-json\/wp\/v2\/comments?post=810"}],"version-history":[{"count":0,"href":"https:\/\/dhlunch.ijppan.pl\/en\/wp-json\/wp\/v2\/pages\/810\/revisions"}],"wp:attachment":[{"href":"https:\/\/dhlunch.ijppan.pl\/en\/wp-json\/wp\/v2\/media?parent=810"}],"curies":[{"name":"wp","href":"https:\/\/api.w.org\/{rel}","templated":true}]}}