{"id":87,"date":"2015-12-29T11:06:24","date_gmt":"2015-12-29T10:06:24","guid":{"rendered":"https:\/\/dhlunch.ijp.pan.pl\/?page_id=87"},"modified":"2015-12-29T11:06:24","modified_gmt":"2015-12-29T10:06:24","slug":"8-01-2016","status":"publish","type":"page","link":"https:\/\/dhlunch.ijppan.pl\/en\/8-01-2016\/","title":{"rendered":"8.01.2016"},"content":{"rendered":"<h1>Wielowyrazowe jednostki leksykalne &#8211; cyfrowe podej\u015bcie do humanistycznego problemu<\/h1>\n<h3>Micha\u0142 Wo\u017aniak (IJP PAN)<\/h3>\n<p>Prezentacja zostanie po\u015bwi\u0119cona problematyce kolokacji w j\u0119zyku, czyli wielowyrazowym jednostkom leksykalnym (<em>M<\/em><em>ultiword expressions<\/em>). Pokr\u00f3tce przedstawione\u00a0zostan\u0105 r\u00f3\u017cne teoretyczne uj\u0119cia kolokacji i i problemy z nimi zwi\u0105zane oraz propozycja nowego podej\u015bcia, dostosowanego do cyfrowej reprezentacji kolokat\u00f3w. Zaprezentowane zostan\u0105 r\u00f3wnie\u017c wyniki dzia\u0142ania algorytmu automatycznej ekstrakcji kolokacji.<\/p>\n","protected":false},"excerpt":{"rendered":"<p>Wielowyrazowe jednostki leksykalne &#8211; cyfrowe podej\u015bcie do humanistycznego problemu Micha\u0142 Wo\u017aniak (IJP PAN) Prezentacja zostanie po\u015bwi\u0119cona problematyce kolokacji w j\u0119zyku, czyli wielowyrazowym jednostkom leksykalnym (Multiword expressions). Pokr\u00f3tce przedstawione\u00a0zostan\u0105 r\u00f3\u017cne teoretyczne &hellip; <a href=\"https:\/\/dhlunch.ijppan.pl\/en\/8-01-2016\/\" class=\"more-link\">Continue reading <span class=\"screen-reader-text\">8.01.2016<\/span><\/a><\/p>\n","protected":false},"author":1,"featured_media":0,"parent":0,"menu_order":0,"comment_status":"closed","ping_status":"closed","template":"","meta":{"footnotes":""},"class_list":["post-87","page","type-page","status-publish","hentry"],"_links":{"self":[{"href":"https:\/\/dhlunch.ijppan.pl\/en\/wp-json\/wp\/v2\/pages\/87","targetHints":{"allow":["GET"]}}],"collection":[{"href":"https:\/\/dhlunch.ijppan.pl\/en\/wp-json\/wp\/v2\/pages"}],"about":[{"href":"https:\/\/dhlunch.ijppan.pl\/en\/wp-json\/wp\/v2\/types\/page"}],"author":[{"embeddable":true,"href":"https:\/\/dhlunch.ijppan.pl\/en\/wp-json\/wp\/v2\/users\/1"}],"replies":[{"embeddable":true,"href":"https:\/\/dhlunch.ijppan.pl\/en\/wp-json\/wp\/v2\/comments?post=87"}],"version-history":[{"count":0,"href":"https:\/\/dhlunch.ijppan.pl\/en\/wp-json\/wp\/v2\/pages\/87\/revisions"}],"wp:attachment":[{"href":"https:\/\/dhlunch.ijppan.pl\/en\/wp-json\/wp\/v2\/media?parent=87"}],"curies":[{"name":"wp","href":"https:\/\/api.w.org\/{rel}","templated":true}]}}