{"id":911,"date":"2020-08-28T18:43:54","date_gmt":"2020-08-28T16:43:54","guid":{"rendered":"https:\/\/dhlunch.ijp.pan.pl\/?page_id=911"},"modified":"2020-08-28T18:43:54","modified_gmt":"2020-08-28T16:43:54","slug":"2019-20","status":"publish","type":"page","link":"https:\/\/dhlunch.ijppan.pl\/en\/2019-20\/","title":{"rendered":"Spotkania na prze\u0142omie roku 2018 i 2019"},"content":{"rendered":"<p><\/p>\n<h2>Meetings in 2019\/20:<\/h2>\n<p>&nbsp;<\/p>\n<p><strong><span style=\"color: #0000ff\">15.10.2019 <\/span><\/strong> <span style=\"color: #da4453\"><a href=\"https:\/\/dhlunch.ijppan.pl\/15-10-2019\/\">Artjoms \u0160ela (University of Tartu)<\/a><\/span>: Meaning of a poetic meter and historical randomness: how topic modeling could help us to generalize the relations between a verse form and semantics<\/p>\n<p><strong><span style=\"color: #0000ff\">25.10.2019 <\/span><\/strong> <span style=\"color: #da4453\"><a href=\"https:\/\/dhlunch.ijppan.pl\/25-10-2019\/\">Anastasia Panova i Waleria Morozova (Higher School of Economics in Moscow)<\/a><\/span>: A collection of spoken non-standard Russian corpora<\/p>\n<p><strong><span style=\"color: #0000ff\">29.11.2019 <\/span><\/strong> <span style=\"color: #da4453\"><a href=\"https:\/\/dhlunch.ijppan.pl\/29-11-2019\/\">Micha\u0142 B. Paradowski (Uniwersytet Warszawski)<\/a><\/span>: Dlaczego wysoka centralno\u015b\u0107 w sieci r\u00f3wie\u015bniczej nie (zawsze) przek\u0142ada si\u0119 na post\u0119py w nauce? Potencja\u0142 i paradoksy w analizie sieci spo\u0142ecznych uczni\u00f3w j\u0119zyka obcego<\/p>\n<p><strong><span style=\"color: #0000ff\">14.01.2020<\/span><\/strong><span style=\"color: #0000ff\">\u00a0<\/span><span style=\"color: #000000\"><a href=\"https:\/\/dhlunch.ijppan.pl\/14-01-2020\/\">William Kretzschmar (University of Georgia \/ Uniwersytet Adama Mickiewicza w Poznaniu)<\/a>: Complex Systems for Lexicography and Text Analysis<\/span><\/p>\n<p><strong><span style=\"color: #0000ff\">24.01.2020<\/span><\/strong><span style=\"color: #000000\"><a href=\"https:\/\/dhlunch.ijppan.pl\/24-10-2020\/\"> Helena Grochola-Szczepanek, Micha\u0142 Wo\u017aniak, Rafa\u0142 L. G\u00f3rski (Instytut J\u0119zyka Polskiego PAN)<\/a>: Korpus Spiski &#8211; mo\u017cliwo\u015bci nowego narz\u0119dzia badawczego<\/span><\/p>\n<p><strong><span style=\"color: #0000ff\">14.02.2020 <\/span><\/strong><span style=\"color: #000000\"><a href=\"https:\/\/dhlunch.ijppan.pl\/14-02-2020\/\">Izabela Gatkowska (Uniwersytet Jagiello\u0144ski)<\/a>:\u00a0<\/span>Diagnoza dyzartrii \u2013 jak lingwistyka mo\u017ce wesprze\u0107 medycyn\u0119.<\/p>\n<p><strong><span style=\"color: #0000ff\">06.03.2020<\/span><\/strong> <a href=\"https:\/\/dhlunch.ijppan.pl\/06-03-2020\/\">Mihailo \u0160kori\u0107 (University of Belgrade)<\/a>: How to train your tagger.<\/p>\n<p><strong><span style=\"color: #0000ff\">12.06.2020 <\/span><\/strong><a href=\"https:\/\/dhlunch.ijppan.pl\/12-06-2020\/\">Albert Le\u015bniak i Ma\u0142gorzata Czachor (IJP PAN):<\/a>\u00a0Jak ma\u0142y mo\u017ce by\u0107 korpus? Skuteczno\u015b\u0107 ekstrakcji s\u0142\u00f3w kluczowych metod\u0105 TF-IDF a rozmiar korpusu<\/p>","protected":false},"excerpt":{"rendered":"<p>Meetings in 2019\/20: &nbsp; 15.10.2019 Artjoms \u0160ela (University of Tartu): Meaning of a poetic meter and historical randomness: how topic modeling could help us to generalize the relations between a &hellip; <a href=\"https:\/\/dhlunch.ijppan.pl\/en\/2019-20\/\" class=\"more-link\">Continue reading <span class=\"screen-reader-text\">Spotkania na prze\u0142omie roku 2018 i 2019<\/span><\/a><\/p>\n","protected":false},"author":1,"featured_media":0,"parent":0,"menu_order":0,"comment_status":"closed","ping_status":"closed","template":"","meta":{"footnotes":""},"class_list":["post-911","page","type-page","status-publish","hentry"],"_links":{"self":[{"href":"https:\/\/dhlunch.ijppan.pl\/en\/wp-json\/wp\/v2\/pages\/911","targetHints":{"allow":["GET"]}}],"collection":[{"href":"https:\/\/dhlunch.ijppan.pl\/en\/wp-json\/wp\/v2\/pages"}],"about":[{"href":"https:\/\/dhlunch.ijppan.pl\/en\/wp-json\/wp\/v2\/types\/page"}],"author":[{"embeddable":true,"href":"https:\/\/dhlunch.ijppan.pl\/en\/wp-json\/wp\/v2\/users\/1"}],"replies":[{"embeddable":true,"href":"https:\/\/dhlunch.ijppan.pl\/en\/wp-json\/wp\/v2\/comments?post=911"}],"version-history":[{"count":0,"href":"https:\/\/dhlunch.ijppan.pl\/en\/wp-json\/wp\/v2\/pages\/911\/revisions"}],"wp:attachment":[{"href":"https:\/\/dhlunch.ijppan.pl\/en\/wp-json\/wp\/v2\/media?parent=911"}],"curies":[{"name":"wp","href":"https:\/\/api.w.org\/{rel}","templated":true}]}}