{"id":922,"date":"2015-10-02T14:34:26","date_gmt":"2015-10-02T12:34:26","guid":{"rendered":"https:\/\/dhlunch.ijp.pan.pl\/?page_id=2"},"modified":"2026-04-23T16:21:32","modified_gmt":"2026-04-23T14:21:32","slug":"main","status":"publish","type":"page","link":"https:\/\/dhlunch.ijppan.pl\/en\/","title":{"rendered":"Digital humanities lunch albo: jak ugry\u017a\u0107 humanistyk\u0119 cyfrow\u0105"},"content":{"rendered":"<p>Continuing the medieval tradition of eating while listening to a learned person reading and interpreting learned texts, we are inviting all those interested in the <em>humanitates digitales<\/em> to join us for lunch on Fridays at IJP PAN for the following talks.<\/p>\n<h2>when and where:<\/h2>\n<p>Fridays 1pm CET, in the conference room of IJP PAN, al. Mickiewicza 31 in Krak\u00f3w or online on Zoom. To participate in the online version of the meetings please sign up here: <a>https:\/\/forms.gle\/4K1MJ7V9JW8MDKmq7<\/a> You can also find recordings of some of the past meetings here:<span style=\"font-weight: 400;\"><span style=\"color: #000000;\">\u00a0<\/span><a href=\"http:\/\/bit.ly\/MetoYouTube\">http:\/\/bit.ly\/MetoYouTube<\/a><br \/>\n<\/span><\/p>\n<h2>meetings in 2026:<\/h2>\n<p><strong><span style=\"color: #0000ff;\">8.05.2026<\/span><\/strong> <a href=\"https:\/\/dhlunch.ijppan.pl\/en\/24-04-2026\/\">Agnieszka Podpora (UJ) &#8211; Ukryta kolekcja: Internetowa baza literatury t\u0142umaczonej w Polsce od 1918 roku <\/a><\/p>\n<p><strong><span style=\"color: #0000ff;\">13.03.2026<\/span><\/strong><a href=\"https:\/\/dhlunch.ijppan.pl\/en\/13-03-2026\/\"> Maria Jadwiga Minakowska &#8211; Elity polskie od \u015bredniowiecza do dzi\u015b jako sie\u0107 spo\u0142eczno\u015bciowa oparta o zwi\u0105zki rodzinne &#8211; jak si\u0119 to rekonstruuje i co z tym mo\u017cna zrobi\u0107<\/a><\/p>\n<p><strong>past:<\/strong><\/p>\n<p><strong><span style=\"color: #0000ff;\">13.06.2025<\/span><\/strong><a href=\"https:\/\/dhlunch.ijppan.pl\/en\/13-06-2025\/\"> Anna M\u0119drzecka-Stefa\u0144ska (IBL PAN) &#8211; The Polish Poetry Corpus: Creation and Research Horizon<\/a><\/p>\n<p><strong><span style=\"color: #0000ff;\"> 11.04.2025<\/span><\/strong><a href=\"https:\/\/dhlunch.ijppan.pl\/en\/11-04-2025\/\"> Jan Maliszewski (Uniwersytet Warszawski &#8211; Can we map anonymous contributions in scholastic corpora \u2014 and possibly do this at scale?<\/a><\/p>\n<p><strong><span style=\"color: #0000ff;\"> 15.03.2025<\/span><\/strong><a href=\"https:\/\/dhlunch.ijppan.pl\/en\/14-03-2025\/\"> Radek \u010cech (Masaryk University) &#8211; The Menzerath-Altmann Law: What We (Don&#8217;t) Know<\/a><\/p>\n<p><strong><span style=\"color: #0000ff;\"> 10.01.2025 (this time at 12.00) <\/span><\/strong><a href=\"https:\/\/dhlunch.ijppan.pl\/en\/10-01-2025\/\"> Marek Czachor (Politechnika Gda\u0144ska) &#8211; Mandelbrot-Zipf-R\u00e9nyi law<\/a><\/p>\n<p>&nbsp;<\/p>\n<p>&nbsp;<\/p>\n<p>Information about the following meetings will be posted soon.<\/p>\n<p><b><i>Enjoy!<\/i><\/b><\/p>\n<p>Department of Methodology IJP PAN<\/p>\n<p>Maciej Eder, Joanna Byszuk, Micha\u0142 Wo\u017aniak, Artjoms \u0160ela, Jacek B\u0105kowski, Bart\u0142omiej Kunda<\/p>\n<p>contact: metodologia.ijp@gmail.com<\/p>\n<p>in cooperation with Towarzystwo Mi\u0142o\u015bnik\u00f3w J\u0119zyka Polskiego<\/p>\n<p>The general visual identification of DH Lunch series was created by Maciej Eder, the promotional graphics for 2021\/2022 (Twitter, Facebook, YouTube cover arts) were created by Antonina Martynenko. Thank you!<\/p>","protected":false},"excerpt":{"rendered":"<p>Continuing the medieval tradition of eating while listening to a learned person reading and interpreting learned texts, we are inviting all those interested in the humanitates digitales to join us &hellip; <a href=\"https:\/\/dhlunch.ijppan.pl\/en\/\" class=\"more-link\">Continue reading <span class=\"screen-reader-text\">Digital humanities lunch albo: jak ugry\u017a\u0107 humanistyk\u0119 cyfrow\u0105<\/span><\/a><\/p>\n","protected":false},"author":1,"featured_media":27,"parent":0,"menu_order":0,"comment_status":"closed","ping_status":"closed","template":"","meta":{"footnotes":""},"class_list":["post-922","page","type-page","status-publish","has-post-thumbnail","hentry"],"_links":{"self":[{"href":"https:\/\/dhlunch.ijppan.pl\/en\/wp-json\/wp\/v2\/pages\/922","targetHints":{"allow":["GET"]}}],"collection":[{"href":"https:\/\/dhlunch.ijppan.pl\/en\/wp-json\/wp\/v2\/pages"}],"about":[{"href":"https:\/\/dhlunch.ijppan.pl\/en\/wp-json\/wp\/v2\/types\/page"}],"author":[{"embeddable":true,"href":"https:\/\/dhlunch.ijppan.pl\/en\/wp-json\/wp\/v2\/users\/1"}],"replies":[{"embeddable":true,"href":"https:\/\/dhlunch.ijppan.pl\/en\/wp-json\/wp\/v2\/comments?post=922"}],"version-history":[{"count":74,"href":"https:\/\/dhlunch.ijppan.pl\/en\/wp-json\/wp\/v2\/pages\/922\/revisions"}],"predecessor-version":[{"id":1254,"href":"https:\/\/dhlunch.ijppan.pl\/en\/wp-json\/wp\/v2\/pages\/922\/revisions\/1254"}],"wp:featuredmedia":[{"embeddable":true,"href":"https:\/\/dhlunch.ijppan.pl\/en\/wp-json\/wp\/v2\/media\/27"}],"wp:attachment":[{"href":"https:\/\/dhlunch.ijppan.pl\/en\/wp-json\/wp\/v2\/media?parent=922"}],"curies":[{"name":"wp","href":"https:\/\/api.w.org\/{rel}","templated":true}]}}